



{"id":1451,"date":"2018-03-31T01:10:01","date_gmt":"2018-03-30T22:10:01","guid":{"rendered":"https:\/\/dance-pandect.gr\/?page_id=1451"},"modified":"2018-03-31T01:10:01","modified_gmt":"2018-03-30T22:10:01","slug":"instruments-shops-and-makers","status":"publish","type":"page","link":"https:\/\/dance-pandect.gr\/en\/index\/instruments-shops-and-makers\/","title":{"rendered":"Instruments (shops and makers)"},"content":{"rendered":"<p>The easiest way of finding out about an instrument is to ask someone who plays it. He will be of help in selecting a good instrument or in ordering one, as well as negotiating the price. There are very few renowned instrument-makers left. Most have passed away, taking the secrets of their art with them, for no-one had wanted to learn them. Some musicians and collectors actually go to neighbouring countries in search of high quality instruments.<\/p>\n<p>The most popular and widely played instruments - clarinet, bouzo\u00faki, lyra, lao\u00fato - are available in the music stores of towns, but anyone seeking something out of the ordinary must find an instrument-maker and discuss his preferences and specifications with him - the wood used for each part, the decoration, shape etc. -or give him an old instrument to repair or copy. To find such instruments as the o\u00fati, santo\u00fari and kanon\u00e1ki one must nowadays search long and hard.<\/p>\n<p>Last but not least, there are instruments which are not made by specialist craftsmen in workshops, but by the players themselves. These include the dao\u00fali, dachar\u00e9, g\u00e1ida, floy\u00e9ra, zourn\u00e1s and their local variants. As far as these are concerned, one must contact the player-maker in the village (if there is one still alive), order an instrument from him and (if possible) learn also how it is made.<\/p>\n","protected":false},"excerpt":{"rendered":"<p>The easiest way of finding out about an instrument is to ask someone who plays it. He will be of help in selecting a good&hellip;<\/p>\n","protected":false},"author":1,"featured_media":0,"parent":1139,"menu_order":9,"comment_status":"closed","ping_status":"closed","template":"","meta":{"_exactmetrics_skip_tracking":false,"_exactmetrics_sitenote_active":false,"_exactmetrics_sitenote_note":"","_exactmetrics_sitenote_category":0,"footnotes":""},"class_list":["post-1451","page","type-page","status-publish","hentry"],"yoast_head":"<!-- This site is optimized with the Yoast SEO plugin v27.4 - https:\/\/yoast.com\/product\/yoast-seo-wordpress\/ -->\n<title>Instruments (shops and makers) - Greek Dances Pandect<\/title>\n<meta name=\"robots\" content=\"index, follow, max-snippet:-1, max-image-preview:large, max-video-preview:-1\" \/>\n<link rel=\"canonical\" href=\"https:\/\/dance-pandect.gr\/en\/index\/instruments-shops-and-makers\/\" \/>\n<meta property=\"og:locale\" content=\"en_US\" \/>\n<meta property=\"og:type\" content=\"article\" \/>\n<meta property=\"og:title\" content=\"Instruments (shops and makers) - Greek Dances Pandect\" \/>\n<meta property=\"og:description\" content=\"The easiest way of finding out about an instrument is to ask someone who plays it. He will be of help in selecting a good&hellip;\" \/>\n<meta property=\"og:url\" content=\"https:\/\/dance-pandect.gr\/en\/index\/instruments-shops-and-makers\/\" \/>\n<meta property=\"og:site_name\" content=\"Greek Dances Pandect\" \/>\n<meta name=\"twitter:card\" content=\"summary_large_image\" \/>\n<meta name=\"twitter:label1\" content=\"Est. reading time\" \/>\n\t<meta name=\"twitter:data1\" content=\"1 minute\" \/>\n<script type=\"application\/ld+json\" class=\"yoast-schema-graph\">{\"@context\":\"https:\\\/\\\/schema.org\",\"@graph\":[{\"@type\":\"WebPage\",\"@id\":\"https:\\\/\\\/dance-pandect.gr\\\/en\\\/index\\\/instruments-shops-and-makers\\\/\",\"url\":\"https:\\\/\\\/dance-pandect.gr\\\/en\\\/index\\\/instruments-shops-and-makers\\\/\",\"name\":\"Instruments (shops and makers) - Greek Dances Pandect\",\"isPartOf\":{\"@id\":\"https:\\\/\\\/dance-pandect.gr\\\/en\\\/#website\"},\"datePublished\":\"2018-03-30T22:10:01+00:00\",\"breadcrumb\":{\"@id\":\"https:\\\/\\\/dance-pandect.gr\\\/en\\\/index\\\/instruments-shops-and-makers\\\/#breadcrumb\"},\"inLanguage\":\"en-US\",\"potentialAction\":[{\"@type\":\"ReadAction\",\"target\":[\"https:\\\/\\\/dance-pandect.gr\\\/en\\\/index\\\/instruments-shops-and-makers\\\/\"]}]},{\"@type\":\"BreadcrumbList\",\"@id\":\"https:\\\/\\\/dance-pandect.gr\\\/en\\\/index\\\/instruments-shops-and-makers\\\/#breadcrumb\",\"itemListElement\":[{\"@type\":\"ListItem\",\"position\":1,\"name\":\"Home\",\"item\":\"https:\\\/\\\/dance-pandect.gr\\\/en\\\/\"},{\"@type\":\"ListItem\",\"position\":2,\"name\":\"Index\",\"item\":\"https:\\\/\\\/dance-pandect.gr\\\/en\\\/index\\\/\"},{\"@type\":\"ListItem\",\"position\":3,\"name\":\"Instruments (shops and makers)\"}]},{\"@type\":\"WebSite\",\"@id\":\"https:\\\/\\\/dance-pandect.gr\\\/en\\\/#website\",\"url\":\"https:\\\/\\\/dance-pandect.gr\\\/en\\\/\",\"name\":\"Greek Dances Pandect\",\"description\":\"Greek Dances Pandect\",\"potentialAction\":[{\"@type\":\"SearchAction\",\"target\":{\"@type\":\"EntryPoint\",\"urlTemplate\":\"https:\\\/\\\/dance-pandect.gr\\\/en\\\/?s={search_term_string}\"},\"query-input\":{\"@type\":\"PropertyValueSpecification\",\"valueRequired\":true,\"valueName\":\"search_term_string\"}}],\"inLanguage\":\"en-US\"}]}<\/script>\n<!-- \/ Yoast SEO plugin. -->","yoast_head_json":{"title":"Instruments (shops and makers) - Greek Dances Pandect","robots":{"index":"index","follow":"follow","max-snippet":"max-snippet:-1","max-image-preview":"max-image-preview:large","max-video-preview":"max-video-preview:-1"},"canonical":"https:\/\/dance-pandect.gr\/en\/index\/instruments-shops-and-makers\/","og_locale":"en_US","og_type":"article","og_title":"Instruments (shops and makers) - Greek Dances Pandect","og_description":"The easiest way of finding out about an instrument is to ask someone who plays it. He will be of help in selecting a good&hellip;","og_url":"https:\/\/dance-pandect.gr\/en\/index\/instruments-shops-and-makers\/","og_site_name":"Greek Dances Pandect","twitter_card":"summary_large_image","twitter_misc":{"Est. reading time":"1 minute"},"schema":{"@context":"https:\/\/schema.org","@graph":[{"@type":"WebPage","@id":"https:\/\/dance-pandect.gr\/en\/index\/instruments-shops-and-makers\/","url":"https:\/\/dance-pandect.gr\/en\/index\/instruments-shops-and-makers\/","name":"Instruments (shops and makers) - Greek Dances Pandect","isPartOf":{"@id":"https:\/\/dance-pandect.gr\/en\/#website"},"datePublished":"2018-03-30T22:10:01+00:00","breadcrumb":{"@id":"https:\/\/dance-pandect.gr\/en\/index\/instruments-shops-and-makers\/#breadcrumb"},"inLanguage":"en-US","potentialAction":[{"@type":"ReadAction","target":["https:\/\/dance-pandect.gr\/en\/index\/instruments-shops-and-makers\/"]}]},{"@type":"BreadcrumbList","@id":"https:\/\/dance-pandect.gr\/en\/index\/instruments-shops-and-makers\/#breadcrumb","itemListElement":[{"@type":"ListItem","position":1,"name":"Home","item":"https:\/\/dance-pandect.gr\/en\/"},{"@type":"ListItem","position":2,"name":"Index","item":"https:\/\/dance-pandect.gr\/en\/index\/"},{"@type":"ListItem","position":3,"name":"Instruments (shops and makers)"}]},{"@type":"WebSite","@id":"https:\/\/dance-pandect.gr\/en\/#website","url":"https:\/\/dance-pandect.gr\/en\/","name":"Greek Dances Pandect","description":"Greek Dances Pandect","potentialAction":[{"@type":"SearchAction","target":{"@type":"EntryPoint","urlTemplate":"https:\/\/dance-pandect.gr\/en\/?s={search_term_string}"},"query-input":{"@type":"PropertyValueSpecification","valueRequired":true,"valueName":"search_term_string"}}],"inLanguage":"en-US"}]}},"_links":{"self":[{"href":"https:\/\/dance-pandect.gr\/en\/wp-json\/wp\/v2\/pages\/1451","targetHints":{"allow":["GET"]}}],"collection":[{"href":"https:\/\/dance-pandect.gr\/en\/wp-json\/wp\/v2\/pages"}],"about":[{"href":"https:\/\/dance-pandect.gr\/en\/wp-json\/wp\/v2\/types\/page"}],"author":[{"embeddable":true,"href":"https:\/\/dance-pandect.gr\/en\/wp-json\/wp\/v2\/users\/1"}],"replies":[{"embeddable":true,"href":"https:\/\/dance-pandect.gr\/en\/wp-json\/wp\/v2\/comments?post=1451"}],"version-history":[{"count":1,"href":"https:\/\/dance-pandect.gr\/en\/wp-json\/wp\/v2\/pages\/1451\/revisions"}],"predecessor-version":[{"id":1455,"href":"https:\/\/dance-pandect.gr\/en\/wp-json\/wp\/v2\/pages\/1451\/revisions\/1455"}],"up":[{"embeddable":true,"href":"https:\/\/dance-pandect.gr\/en\/wp-json\/wp\/v2\/pages\/1139"}],"wp:attachment":[{"href":"https:\/\/dance-pandect.gr\/en\/wp-json\/wp\/v2\/media?parent=1451"}],"curies":[{"name":"wp","href":"https:\/\/api.w.org\/{rel}","templated":true}]}}